{"id":20,"date":"2022-10-10T15:36:03","date_gmt":"2022-10-10T13:36:03","guid":{"rendered":"https:\/\/beckroege.org\/?page_id=20"},"modified":"2022-11-02T14:52:21","modified_gmt":"2022-11-02T13:52:21","slug":"hochzeit","status":"publish","type":"page","link":"https:\/\/beckroege.org\/index.php\/hochzeit\/","title":{"rendered":"Hochzeit"},"content":{"rendered":"\n<p class=\"has-text-align-justify\">Tagesablauf:<\/p>\n\n\n\n<p>13:00 Uhr Kirchliche Trauung &#8211; <a href=\"https:\/\/maps.app.goo.gl\/dfzkxU5q7h44pojG8\" data-type=\"URL\" data-id=\"https:\/\/maps.app.goo.gl\/dfzkxU5q7h44pojG8\" target=\"_blank\" rel=\"noreferrer noopener\">Mauritiuskirche Obereisesheim<\/a><br>                 Friedhofstra\u00dfe 1, 74172 Neckarsulm<\/p>\n\n\n\n<p>15:00 Uhr Sektempfang &#8211; <a rel=\"noreferrer noopener\" href=\"https:\/\/maps.app.goo.gl\/vCX8pAih3ExEtLHZA\" data-type=\"URL\" data-id=\"https:\/\/maps.app.goo.gl\/vCX8pAih3ExEtLHZA\" target=\"_blank\">Genossenschaftskellerei WG Heilbronn<\/a><br>                 Binswanger Str. 150, 74076 Heilbronn<\/p>\n\n\n\n<p>18:00 Uhr Dinner<\/p>\n\n\n\n<p>20:30 Anschnitt der Hochzeitstorte und Nachtischbuffet<\/p>\n\n\n\n<p>21:30 Er\u00f6ffnungstanz<\/p>\n\n\n\n<div class=\"wp-block-group\"><div class=\"wp-block-group__inner-container is-layout-flow wp-block-group-is-layout-flow\">\t\t<div\n            id=\"wpmapblock_ace20641\"\n            data-settings='{&quot;map_marker&quot;:[{&quot;lat&quot;:&quot;49.19747&quot;,&quot;lng&quot;:&quot;9.19667&quot;,&quot;title&quot;:&quot;Mauritiuskirche Obereisesheim&quot;,&quot;content&quot;:&quot;Kirchliche Trauung Friedhofstra\\u00dfe 1, 74172 Neckarsulm&quot;,&quot;iconType&quot;:&quot;custom&quot;,&quot;customIconUrl&quot;:&quot;https:\\\/\\\/beckroege.org\\\/wp-content\\\/uploads\\\/2022\\\/10\\\/church-logo-cross-sign.png&quot;,&quot;customIconWidth&quot;:&quot;31&quot;,&quot;customIconHeight&quot;:&quot;36&quot;},{&quot;lat&quot;:&quot;49.16806&quot;,&quot;lng&quot;:&quot;9.24327&quot;,&quot;title&quot;:&quot;Weingenossenschaft Heilbronn&quot;,&quot;content&quot;:&quot;Sektempfang und Feier Binswanger Str. 150, 74076 Heilbronn&quot;,&quot;iconType&quot;:&quot;custom&quot;,&quot;customIconUrl&quot;:&quot;https:\\\/\\\/beckroege.org\\\/wp-content\\\/uploads\\\/2022\\\/10\\\/party.png&quot;,&quot;customIconWidth&quot;:&quot;40&quot;,&quot;customIconHeight&quot;:&quot;40&quot;}],&quot;map_zoom&quot;:&quot;13&quot;,&quot;scroll_wheel_zoom&quot;:&quot;1&quot;,&quot;map_type&quot;:&quot;GM&quot;,&quot;center_index&quot;:0}'\n            class=\"wpmapblockrender\"\n            style=\"\n\t\t\twidth: 100%;\n\t\t\theight: 500px;\n\t\t\"\n            >\n        <\/div>\n        <\/div><\/div>\n\n\n\n<p>Es k\u00f6nnen sofort Fotos als Andenken gedruckt werden, daf\u00fcr muss die Kodak App auf dem Handy installiert werden.<\/p>\n\n\n\n<div class=\"wp-block-columns is-layout-flex wp-container-core-columns-is-layout-9d6595d7 wp-block-columns-is-layout-flex\">\n<div class=\"wp-block-column is-layout-flow wp-block-column-is-layout-flow\" style=\"flex-basis:100%\">\n<div class=\"wp-block-group\"><div class=\"wp-block-group__inner-container is-layout-flow wp-block-group-is-layout-flow\"><p>Apple: <!-- WP-Appbox (Version: 4.5.12 \/\/ Store: appstore \/\/ ID: 1555650275) -->\n<div class=\"wpappbox wpappbox-387e88228e590138f3a23d82adf6c814 appstore deprecated compact\">\n\t<div class=\"appicon\">\n\t\t<a target=\"_blank\" rel=\"nofollow\" href=\"https:\/\/apps.apple.com\/de\/app\/kodak-photo-printer\/id1555650275\"><img decoding=\"async\" src=\"\/\/is1-ssl.mzstatic.com\/image\/thumb\/PurpleSource221\/v4\/50\/97\/82\/50978273-b670-9e2d-1d88-66e5a2c61cba\/Placeholder.mill\/200x200bb-75.png\" alt=\"KODAK Photo Printer\" \/><\/a>\n\t<\/div>\n\t<a target=\"_blank\" rel=\"nofollow\" class=\"applinks\" href=\"https:\/\/apps.apple.com\/de\/app\/kodak-photo-printer\/id1555650275\"><\/a>\n\t<div class=\"appdetails\">\n\t\t<div class=\"apptitle\"><a target=\"_blank\" rel=\"nofollow\" href=\"https:\/\/apps.apple.com\/de\/app\/kodak-photo-printer\/id1555650275\" class=\"apptitle\">KODAK Photo Printer<\/a><\/div>\n\t\t<div class=\"price\">\n\t\t\t<span class=\"label\">Preis: <\/span>\n\t\t\t<span class=\"value\">Kostenlos<\/span> \n\t\t\t<span class=\"rating\"><\/span>\n\t\t<\/div>\n\t<\/div>\n<\/div><!-- \/WP-Appbox --> Android: <!-- WP-Appbox (Version: 4.5.12 \/\/ Store: googleplay \/\/ ID: com.prinics.kodak.photoprinter) -->\n<div class=\"wpappbox wpappbox-9cb81c0633d7ad249a8802a85c61d16d googleplay compact\">\n\t<div class=\"appicon\">\n\t\t<a target=\"_blank\" rel=\"nofollow\" href=\"https:\/\/play.google.com\/store\/apps\/details?id=com.prinics.kodak.photoprinter\"><img decoding=\"async\" src=\"\/\/play-lh.googleusercontent.com\/AbNwxQO1D1OcZ1o6NOpg68c3nbTLWyTYvkGvODNMHkLTAaZczbz5GhGCyo7Iac48yZQ=s128-h480\" alt=\"KODAK Fotodrucker\" \/><\/a>\n\t<\/div>\n\t<a target=\"_blank\" rel=\"nofollow\" class=\"applinks\" href=\"https:\/\/play.google.com\/store\/apps\/details?id=com.prinics.kodak.photoprinter\"><\/a>\n\t<div class=\"appdetails\">\n\t\t<div class=\"apptitle\"><a target=\"_blank\" rel=\"nofollow\" href=\"https:\/\/play.google.com\/store\/apps\/details?id=com.prinics.kodak.photoprinter\" class=\"apptitle\">KODAK Fotodrucker<\/a><\/div>\n\t\t<div class=\"price\">\n\t\t\t<span class=\"label\">Preis: <\/span>\n\t\t\t<span class=\"value\">Kostenlos<\/span> \n\t\t\t<span class=\"rating\"><\/span>\n\t\t<\/div>\n\t<\/div>\n<\/div><!-- \/WP-Appbox --><\/p>\n<\/div><\/div>\n<\/div>\n<\/div>\n\n\n\n<div class=\"wp-block-group\"><div class=\"wp-block-group__inner-container is-layout-flow wp-block-group-is-layout-flow\">\n<p><\/p>\n<\/div><\/div>\n","protected":false},"excerpt":{"rendered":"<p>Tagesablauf: 13:00 Uhr Kirchliche Trauung &#8211; Mauritiuskirche Obereisesheim Friedhofstra\u00dfe 1, 74172 Neckarsulm 15:00 Uhr Sektempfang &#8211; Genossenschaftskellerei WG Heilbronn Binswanger Str. 150, 74076 Heilbronn 18:00 Uhr Dinner 20:30 Anschnitt der Hochzeitstorte und Nachtischbuffet 21:30 Er\u00f6ffnungstanz Es k\u00f6nnen sofort Fotos als Andenken gedruckt werden, daf\u00fcr muss die Kodak App auf dem Handy installiert werden.<\/p>\n","protected":false},"author":1,"featured_media":0,"parent":0,"menu_order":0,"comment_status":"closed","ping_status":"closed","template":"","meta":{"footnotes":""},"class_list":["post-20","page","type-page","status-publish","hentry"],"jetpack_sharing_enabled":true,"_links":{"self":[{"href":"https:\/\/beckroege.org\/index.php\/wp-json\/wp\/v2\/pages\/20","targetHints":{"allow":["GET"]}}],"collection":[{"href":"https:\/\/beckroege.org\/index.php\/wp-json\/wp\/v2\/pages"}],"about":[{"href":"https:\/\/beckroege.org\/index.php\/wp-json\/wp\/v2\/types\/page"}],"author":[{"embeddable":true,"href":"https:\/\/beckroege.org\/index.php\/wp-json\/wp\/v2\/users\/1"}],"replies":[{"embeddable":true,"href":"https:\/\/beckroege.org\/index.php\/wp-json\/wp\/v2\/comments?post=20"}],"version-history":[{"count":32,"href":"https:\/\/beckroege.org\/index.php\/wp-json\/wp\/v2\/pages\/20\/revisions"}],"predecessor-version":[{"id":166,"href":"https:\/\/beckroege.org\/index.php\/wp-json\/wp\/v2\/pages\/20\/revisions\/166"}],"wp:attachment":[{"href":"https:\/\/beckroege.org\/index.php\/wp-json\/wp\/v2\/media?parent=20"}],"curies":[{"name":"wp","href":"https:\/\/api.w.org\/{rel}","templated":true}]}}